{"id":78,"date":"2017-06-06T16:02:07","date_gmt":"2017-06-06T14:02:07","guid":{"rendered":"http:\/\/www.lesdavins.fr\/?page_id=78"},"modified":"2026-02-23T17:11:32","modified_gmt":"2026-02-23T16:11:32","slug":"la-forge","status":"publish","type":"page","link":"https:\/\/www.lesdavins.fr\/index.php\/la-maison\/la-forge\/","title":{"rendered":"La Forge"},"content":{"rendered":"<p>Duplex de charme pour 2 \u00e0 4 personnes situ\u00e9 au dessus de l&rsquo;ancienne \u00e9curie.<br>Au rez-de-chauss\u00e9e, une pi\u00e8ce \u00e0 vivre ouverte \u00e0 l\u2019Ouest avec kitchenette et un \u00ab\u00a0lit-canap\u00e9 gigogne\u00a0\u00bb.<\/p>\n<p>A l\u2019\u00e9tage : la chambre Larary mansard\u00e9e avec lit double (140&#215;190), salle de bains et toilette.<\/p>\n<p>Ce logement est id\u00e9al pour un couple seul, et peut \u00e9galement accueillir 2 enfants dans les lits du s\u00e9jour.<\/p>\n<p>&nbsp;<\/p>\nngg_shortcode_0_placeholder\n\n\n<p><\/p>\n","protected":false},"excerpt":{"rendered":"<p>Duplex de charme pour 2 \u00e0 4 personnes situ\u00e9 au dessus de l&rsquo;ancienne \u00e9curie.Au rez-de-chauss\u00e9e, une pi\u00e8ce \u00e0 vivre ouverte \u00e0 l\u2019Ouest avec kitchenette et un \u00ab\u00a0lit-canap\u00e9 gigogne\u00a0\u00bb. A l\u2019\u00e9tage : la chambre Larary mansard\u00e9e avec lit double (140&#215;190), salle de bains et toilette. Ce logement est id\u00e9al pour un couple seul, et peut \u00e9galement<span class=\"read-more-wrap\"><a class=\"moretag\" href=\"https:\/\/www.lesdavins.fr\/index.php\/la-maison\/la-forge\/\">Lire la suite<span class=\"screen-reader-text\">La Forge<\/span><\/a><\/span><\/p>\n","protected":false},"author":1,"featured_media":0,"parent":70,"menu_order":0,"comment_status":"closed","ping_status":"closed","template":"template-fullwidth.php","meta":{"ngg_post_thumbnail":0,"footnotes":""},"class_list":["post-78","page","type-page","status-publish","hentry"],"_links":{"self":[{"href":"https:\/\/www.lesdavins.fr\/index.php\/wp-json\/wp\/v2\/pages\/78","targetHints":{"allow":["GET"]}}],"collection":[{"href":"https:\/\/www.lesdavins.fr\/index.php\/wp-json\/wp\/v2\/pages"}],"about":[{"href":"https:\/\/www.lesdavins.fr\/index.php\/wp-json\/wp\/v2\/types\/page"}],"author":[{"embeddable":true,"href":"https:\/\/www.lesdavins.fr\/index.php\/wp-json\/wp\/v2\/users\/1"}],"replies":[{"embeddable":true,"href":"https:\/\/www.lesdavins.fr\/index.php\/wp-json\/wp\/v2\/comments?post=78"}],"version-history":[{"count":7,"href":"https:\/\/www.lesdavins.fr\/index.php\/wp-json\/wp\/v2\/pages\/78\/revisions"}],"predecessor-version":[{"id":1032,"href":"https:\/\/www.lesdavins.fr\/index.php\/wp-json\/wp\/v2\/pages\/78\/revisions\/1032"}],"up":[{"embeddable":true,"href":"https:\/\/www.lesdavins.fr\/index.php\/wp-json\/wp\/v2\/pages\/70"}],"wp:attachment":[{"href":"https:\/\/www.lesdavins.fr\/index.php\/wp-json\/wp\/v2\/media?parent=78"}],"curies":[{"name":"wp","href":"https:\/\/api.w.org\/{rel}","templated":true}]}}