{"id":76,"date":"2017-06-06T16:01:45","date_gmt":"2017-06-06T14:01:45","guid":{"rendered":"http:\/\/www.lesdavins.fr\/?page_id=76"},"modified":"2026-02-23T17:10:25","modified_gmt":"2026-02-23T16:10:25","slug":"la-ferme","status":"publish","type":"page","link":"https:\/\/www.lesdavins.fr\/index.php\/la-maison\/la-ferme\/","title":{"rendered":"La Ferme"},"content":{"rendered":"<p><img loading=\"lazy\" decoding=\"async\" class=\"alignnone size-medium wp-image-1029 aligncenter\" src=\"https:\/\/www.lesdavins.fr\/wp-content\/uploads\/2026\/02\/IMG_7613-1-300x169.jpg\" alt=\"\" width=\"300\" height=\"169\" srcset=\"https:\/\/www.lesdavins.fr\/wp-content\/uploads\/2026\/02\/IMG_7613-1-300x169.jpg 300w, https:\/\/www.lesdavins.fr\/wp-content\/uploads\/2026\/02\/IMG_7613-1-1024x576.jpg 1024w, https:\/\/www.lesdavins.fr\/wp-content\/uploads\/2026\/02\/IMG_7613-1-768x432.jpg 768w, https:\/\/www.lesdavins.fr\/wp-content\/uploads\/2026\/02\/IMG_7613-1-1536x864.jpg 1536w, https:\/\/www.lesdavins.fr\/wp-content\/uploads\/2026\/02\/IMG_7613-1-2048x1152.jpg 2048w\" sizes=\"auto, (max-width: 300px) 100vw, 300px\" \/><\/p>\n<p>Cette partie est sans doute la plus ancienne de la maison si l&rsquo;on en juge par le fronton de la fen\u00eatre de 1847.<\/p>\n<p>Au rez de chauss\u00e9e, la pi\u00e8ce \u00e0 vivre donne sur une terrasse plein sud mitoyenne d&rsquo;un auvent id\u00e9al pour les repas en profitant de la vue sur les trois becs.<br \/>\nLa pi\u00e8ce \u00e0 vivre est attenante \u00e0 la chambre Pomerolle (lit double 140&#215;190) avec sa salle de bains et toilettes privatives.<\/p>\n<p>Une salle de bains pour les enfants.<\/p>\n<p>Au demi-\u00e9tage :<br \/>\nChambre Saint M\u00e9dard : 3 lits simples dont un gigogne.<\/p>\n<p>A l\u2019\u00e9tage :<br \/>\nChambre Roche Colombe : 2 lits simples, peut \u00e9galement \u00eatre am\u00e9nag\u00e9e en chambre de couple.<\/p>\n<p>Toilette \/ lavabo.<\/p>\n<p>&nbsp;<\/p>\nngg_shortcode_0_placeholder\n","protected":false},"excerpt":{"rendered":"<p>Cette partie est sans doute la plus ancienne de la maison si l&rsquo;on en juge par le fronton de la fen\u00eatre de 1847. Au rez de chauss\u00e9e, la pi\u00e8ce \u00e0 vivre donne sur une terrasse plein sud mitoyenne d&rsquo;un auvent id\u00e9al pour les repas en profitant de la vue sur les trois becs. La pi\u00e8ce<span class=\"read-more-wrap\"><a class=\"moretag\" href=\"https:\/\/www.lesdavins.fr\/index.php\/la-maison\/la-ferme\/\">Lire la suite<span class=\"screen-reader-text\">La Ferme<\/span><\/a><\/span><\/p>\n","protected":false},"author":1,"featured_media":0,"parent":70,"menu_order":0,"comment_status":"closed","ping_status":"closed","template":"template-fullwidth.php","meta":{"ngg_post_thumbnail":0,"footnotes":""},"class_list":["post-76","page","type-page","status-publish","hentry"],"_links":{"self":[{"href":"https:\/\/www.lesdavins.fr\/index.php\/wp-json\/wp\/v2\/pages\/76","targetHints":{"allow":["GET"]}}],"collection":[{"href":"https:\/\/www.lesdavins.fr\/index.php\/wp-json\/wp\/v2\/pages"}],"about":[{"href":"https:\/\/www.lesdavins.fr\/index.php\/wp-json\/wp\/v2\/types\/page"}],"author":[{"embeddable":true,"href":"https:\/\/www.lesdavins.fr\/index.php\/wp-json\/wp\/v2\/users\/1"}],"replies":[{"embeddable":true,"href":"https:\/\/www.lesdavins.fr\/index.php\/wp-json\/wp\/v2\/comments?post=76"}],"version-history":[{"count":11,"href":"https:\/\/www.lesdavins.fr\/index.php\/wp-json\/wp\/v2\/pages\/76\/revisions"}],"predecessor-version":[{"id":1030,"href":"https:\/\/www.lesdavins.fr\/index.php\/wp-json\/wp\/v2\/pages\/76\/revisions\/1030"}],"up":[{"embeddable":true,"href":"https:\/\/www.lesdavins.fr\/index.php\/wp-json\/wp\/v2\/pages\/70"}],"wp:attachment":[{"href":"https:\/\/www.lesdavins.fr\/index.php\/wp-json\/wp\/v2\/media?parent=76"}],"curies":[{"name":"wp","href":"https:\/\/api.w.org\/{rel}","templated":true}]}}