{"id":73,"date":"2017-06-06T12:56:01","date_gmt":"2017-06-06T10:56:01","guid":{"rendered":"http:\/\/www.lesdavins.fr\/?page_id=73"},"modified":"2026-02-23T16:49:43","modified_gmt":"2026-02-23T15:49:43","slug":"sidonie","status":"publish","type":"page","link":"https:\/\/www.lesdavins.fr\/index.php\/la-maison\/sidonie\/","title":{"rendered":"Chez Sidonie"},"content":{"rendered":"<p><img loading=\"lazy\" decoding=\"async\" class=\"alignnone size-medium wp-image-201 aligncenter\" src=\"https:\/\/www.lesdavins.fr\/wp-content\/uploads\/2017\/06\/054-300x225.jpg\" alt=\"\" width=\"600\" height=\"450\" srcset=\"https:\/\/www.lesdavins.fr\/wp-content\/uploads\/2017\/06\/054-300x225.jpg 300w, https:\/\/www.lesdavins.fr\/wp-content\/uploads\/2017\/06\/054.jpg 640w\" sizes=\"auto, (max-width: 600px) 100vw, 600px\" \/><\/p>\n<p>&nbsp;<\/p>\n<p>Cette partie de la maison est compl\u00e8tement ind\u00e9pendante avec :<\/p>\n<ul>\n<li>Au rez de chauss\u00e9e, une grande pi\u00e8ce \u00e0 vivre donnant sur un joli auvent permettant de d\u00e9jeuner \u00e0 l&rsquo;abri des rayons du soleil !<\/li>\n<li><span style=\"font-size: revert;\">A l&rsquo;\u00e9tage, 3 chambres permettent d&rsquo;accueillir 6 personnes :<\/span><\/li>\n<\/ul>\n<p style=\"text-align: left; padding-left: 80px;\">&#8211; Chambre du Glandasse : 1 lit double (140 x 190)<br>&#8211; Chambre du Vieux Suze : 2 lits simples&nbsp;<br>&#8211; Chambre de Saint Christophe : 2 lits gigognes <br>&#8211; Salle de bain et wc s\u00e9par\u00e9<\/p>\n<p>&nbsp;<\/p>\n<p>&nbsp;<\/p>\nngg_shortcode_0_placeholder\n<p>&nbsp;<\/p>\n\n\n<p><\/p>\n","protected":false},"excerpt":{"rendered":"<p>&nbsp; Cette partie de la maison est compl\u00e8tement ind\u00e9pendante avec : Au rez de chauss\u00e9e, une grande pi\u00e8ce \u00e0 vivre donnant sur un joli auvent permettant de d\u00e9jeuner \u00e0 l&rsquo;abri des rayons du soleil ! A l&rsquo;\u00e9tage, 3 chambres permettent d&rsquo;accueillir 6 personnes : &#8211; Chambre du Glandasse : 1 lit double (140 x 190)&#8211;<span class=\"read-more-wrap\"><a class=\"moretag\" href=\"https:\/\/www.lesdavins.fr\/index.php\/la-maison\/sidonie\/\">Lire la suite<span class=\"screen-reader-text\">Chez Sidonie<\/span><\/a><\/span><\/p>\n","protected":false},"author":1,"featured_media":0,"parent":70,"menu_order":0,"comment_status":"closed","ping_status":"closed","template":"template-fullwidth.php","meta":{"ngg_post_thumbnail":0,"footnotes":""},"class_list":["post-73","page","type-page","status-publish","hentry"],"_links":{"self":[{"href":"https:\/\/www.lesdavins.fr\/index.php\/wp-json\/wp\/v2\/pages\/73","targetHints":{"allow":["GET"]}}],"collection":[{"href":"https:\/\/www.lesdavins.fr\/index.php\/wp-json\/wp\/v2\/pages"}],"about":[{"href":"https:\/\/www.lesdavins.fr\/index.php\/wp-json\/wp\/v2\/types\/page"}],"author":[{"embeddable":true,"href":"https:\/\/www.lesdavins.fr\/index.php\/wp-json\/wp\/v2\/users\/1"}],"replies":[{"embeddable":true,"href":"https:\/\/www.lesdavins.fr\/index.php\/wp-json\/wp\/v2\/comments?post=73"}],"version-history":[{"count":15,"href":"https:\/\/www.lesdavins.fr\/index.php\/wp-json\/wp\/v2\/pages\/73\/revisions"}],"predecessor-version":[{"id":1017,"href":"https:\/\/www.lesdavins.fr\/index.php\/wp-json\/wp\/v2\/pages\/73\/revisions\/1017"}],"up":[{"embeddable":true,"href":"https:\/\/www.lesdavins.fr\/index.php\/wp-json\/wp\/v2\/pages\/70"}],"wp:attachment":[{"href":"https:\/\/www.lesdavins.fr\/index.php\/wp-json\/wp\/v2\/media?parent=73"}],"curies":[{"name":"wp","href":"https:\/\/api.w.org\/{rel}","templated":true}]}}