{"id":59,"date":"2017-06-06T12:37:57","date_gmt":"2017-06-06T10:37:57","guid":{"rendered":"http:\/\/www.lesdavins.fr\/?page_id=59"},"modified":"2026-02-23T17:21:42","modified_gmt":"2026-02-23T16:21:42","slug":"notre-histoire","status":"publish","type":"page","link":"https:\/\/www.lesdavins.fr\/index.php\/la-maison\/notre-histoire\/","title":{"rendered":"R\u00e9trospective"},"content":{"rendered":"<p style=\"text-align: ajust;\">Il y a cent cinquante ans\u2026. Une ferme puis une deuxi\u00e8me, Un chemin qui monte au sommet de la colline et les s\u00e9pare, mais le chemin est d\u00e9vi\u00e9, des b\u00e2timents agricoles r\u00e9unissent les deux fermes, puis le temps passe,\u2026.. Ils s\u2019effondrent ! C\u2019est alors que ce petit hameau en ruine entre dans la famille gr\u00e2ce \u00e0 l\u2019imagination de Monique et Yves .<\/p>\n<p style=\"text-align: center;\">Une grue en 1972, une dalle de 50 m\u00e8tres de long, des murs en pierre, des toits, des travaux et puis des travaux et puis des travaux, des artisans, des mariages, des enfants et des petits enfants et 50 ans et 4 g\u00e9n\u00e9rations plus tard cette ruine ne l\u2019est plus tout \u00e0 fait mais les descendants Martine &amp; Jean souhaitent \u00e0 tout prix lui garder l\u2019esprit de ses d\u00e9couvreurs \u00e0 savoir une maison familiale ouverte au plus grand nombre.<\/p>\n<p style=\"text-align: center;\">Aujourd\u2019hui, 3 logements permettent de se retrouver \u00e0 plusieurs familles en toute ind\u00e9pendance en b\u00e9n\u00e9ficiant en commun de la piscine, d\u2019une salle de jeu et de la campagne sans fronti\u00e8res !<\/p>\n","protected":false},"excerpt":{"rendered":"<p>Il y a cent cinquante ans\u2026. Une ferme puis une deuxi\u00e8me, Un chemin qui monte au sommet de la colline et les s\u00e9pare, mais le chemin est d\u00e9vi\u00e9, des b\u00e2timents agricoles r\u00e9unissent les deux fermes, puis le temps passe,\u2026.. Ils s\u2019effondrent ! C\u2019est alors que ce petit hameau en ruine entre dans la famille gr\u00e2ce<span class=\"read-more-wrap\"><a class=\"moretag\" href=\"https:\/\/www.lesdavins.fr\/index.php\/la-maison\/notre-histoire\/\">Lire la suite<span class=\"screen-reader-text\">R\u00e9trospective<\/span><\/a><\/span><\/p>\n","protected":false},"author":1,"featured_media":0,"parent":70,"menu_order":0,"comment_status":"closed","ping_status":"closed","template":"template-fullwidth.php","meta":{"ngg_post_thumbnail":0,"footnotes":""},"class_list":["post-59","page","type-page","status-publish","hentry"],"_links":{"self":[{"href":"https:\/\/www.lesdavins.fr\/index.php\/wp-json\/wp\/v2\/pages\/59","targetHints":{"allow":["GET"]}}],"collection":[{"href":"https:\/\/www.lesdavins.fr\/index.php\/wp-json\/wp\/v2\/pages"}],"about":[{"href":"https:\/\/www.lesdavins.fr\/index.php\/wp-json\/wp\/v2\/types\/page"}],"author":[{"embeddable":true,"href":"https:\/\/www.lesdavins.fr\/index.php\/wp-json\/wp\/v2\/users\/1"}],"replies":[{"embeddable":true,"href":"https:\/\/www.lesdavins.fr\/index.php\/wp-json\/wp\/v2\/comments?post=59"}],"version-history":[{"count":13,"href":"https:\/\/www.lesdavins.fr\/index.php\/wp-json\/wp\/v2\/pages\/59\/revisions"}],"predecessor-version":[{"id":1038,"href":"https:\/\/www.lesdavins.fr\/index.php\/wp-json\/wp\/v2\/pages\/59\/revisions\/1038"}],"up":[{"embeddable":true,"href":"https:\/\/www.lesdavins.fr\/index.php\/wp-json\/wp\/v2\/pages\/70"}],"wp:attachment":[{"href":"https:\/\/www.lesdavins.fr\/index.php\/wp-json\/wp\/v2\/media?parent=59"}],"curies":[{"name":"wp","href":"https:\/\/api.w.org\/{rel}","templated":true}]}}