{"id":325,"date":"2017-12-10T17:41:15","date_gmt":"2017-12-10T16:41:15","guid":{"rendered":"http:\/\/www.lesdavins.fr\/?page_id=325"},"modified":"2026-02-23T17:35:39","modified_gmt":"2026-02-23T16:35:39","slug":"les-activites-de-la-maison","status":"publish","type":"page","link":"https:\/\/www.lesdavins.fr\/index.php\/a-l\/les-activites-de-la-maison\/","title":{"rendered":"Les activit\u00e9s de la maison"},"content":{"rendered":"<p><img loading=\"lazy\" decoding=\"async\" class=\"alignright\" src=\"https:\/\/www.lesdavins.fr\/wp-content\/uploads\/2017\/06\/069-300x225.jpg\" alt=\"\" width=\"535\" height=\"401\"><\/p>\n<p>&nbsp;<\/p>\n<p>&nbsp;<\/p>\n<p align=\"justify\">L&rsquo;activit\u00e9 pr\u00e9f\u00e9r\u00e9e des enfants est bien souvent de passer du temps \u00e0 la piscine ! Mais avant de se rafra\u00eechir, vous pourrez profiter de la r\u00e9gion pour faire de belles randonn\u00e9es pour tous les niveaux. De la promenade autour de la maison jusqu&rsquo;\u00e0 la randonn\u00e9e d&rsquo;une journ\u00e9e pour gravir les fameux \u00ab\u00a0Trois Becs\u00a0\u00bb, chacun trouvera chaussure \u00e0 son pied !<\/p>\n<p>&nbsp;<\/p>\n<p>&nbsp;<\/p>\n<p>&nbsp;<\/p>\n<p>&nbsp;<\/p>\n<p><b>FARNIENTER<\/b><\/p>\n<ul>\n<li>Faire silence et \u00e9couter la nature sous le soleil ou sous la lune<\/li>\n<li>Regarder la vue sur 220\u00b0 depuis les prairies proches o\u00f9 paissent chevaux, ch\u00e8vres, o\u00f9 se prom\u00e8nent les biches, en passant par les collines, jusqu\u2019\u00e0 la chaine des Trois Becs et la for\u00eat de Saou qui renferme au sein de son synclinal perch\u00e9 d\u2019innombrables secrets.<\/li>\n<\/ul>\n<p><b>S\u2019ECLATER<\/b><\/p>\n<ul>\n<li>Rire, s&rsquo;\u00e9clabousser ou nager dans la piscine, en prenant bien s\u00fbr toutes les pr\u00e9cautions de S\u00e9curit\u00e9&nbsp;!<\/li>\n<\/ul>\n<p><b>LIRE<\/b><\/p>\n<ul>\n<li>sur demande 500 ouvrages \u00e0 disposition pour tous les \u00e2ges.<\/li>\n<\/ul>\n<p><b>JOUER A EN PERDRE HALEINE<\/b><\/p>\n<ul>\n<li>Ping Pong<\/li>\n<li>P\u00e9tanque<\/li>\n<li>Baby Foot<\/li>\n<li>Croquet<\/li>\n<li>Passe Trappe<\/li>\n<li>Echasses<\/li>\n<li>\u2026 et aux Jeux Buissonniers que vous pourrez inventer !<\/li>\n<\/ul>\n<p>&nbsp;<\/p>\n<p><b>SE PROMENER AUTOUR DE LA MAISON<\/b><\/p>\n<ul>\n<li>Dans le bois de ch\u00eanes,<\/li>\n<li>Dans le verger, les pr\u00e8s,<\/li>\n<li>Aller \u00e0 la ch\u00e8vrerie \u00e0 200m au dessus de la maison pour assister \u00e0 la traite et rapporter des picodons.<\/li>\n<\/ul>\n<p>&nbsp;<\/p>\n<p><b>PARTIR A LA DECOUVERTE DES RESSOURCES<\/b><\/p>\n<ul>\n<li>Touristiques<\/li>\n<li>Culturelles<\/li>\n<li>Sportives<\/li>\n<li>Gastronomique<\/li>\n<\/ul>\n<p>Et bien s\u00fbr, revenir \u00e0 la maison pour un bon bain au coucher du Soleil ou au clair de Lune au bord de la piscine !<\/p>\n<p><!--more--><\/p>\n","protected":false},"excerpt":{"rendered":"<p>&nbsp; &nbsp; L&rsquo;activit\u00e9 pr\u00e9f\u00e9r\u00e9e des enfants est bien souvent de passer du temps \u00e0 la piscine ! Mais avant de se rafra\u00eechir, vous pourrez profiter de la r\u00e9gion pour faire de belles randonn\u00e9es pour tous les niveaux. De la promenade autour de la maison jusqu&rsquo;\u00e0 la randonn\u00e9e d&rsquo;une journ\u00e9e pour gravir les fameux \u00ab\u00a0Trois Becs\u00a0\u00bb,<span class=\"read-more-wrap\"><a class=\"moretag\" href=\"https:\/\/www.lesdavins.fr\/index.php\/a-l\/les-activites-de-la-maison\/\">Lire la suite<span class=\"screen-reader-text\">Les activit\u00e9s de la maison<\/span><\/a><\/span><\/p>\n","protected":false},"author":1,"featured_media":0,"parent":368,"menu_order":0,"comment_status":"closed","ping_status":"closed","template":"template-fullwidth.php","meta":{"ngg_post_thumbnail":0,"footnotes":""},"class_list":["post-325","page","type-page","status-publish","hentry"],"_links":{"self":[{"href":"https:\/\/www.lesdavins.fr\/index.php\/wp-json\/wp\/v2\/pages\/325","targetHints":{"allow":["GET"]}}],"collection":[{"href":"https:\/\/www.lesdavins.fr\/index.php\/wp-json\/wp\/v2\/pages"}],"about":[{"href":"https:\/\/www.lesdavins.fr\/index.php\/wp-json\/wp\/v2\/types\/page"}],"author":[{"embeddable":true,"href":"https:\/\/www.lesdavins.fr\/index.php\/wp-json\/wp\/v2\/users\/1"}],"replies":[{"embeddable":true,"href":"https:\/\/www.lesdavins.fr\/index.php\/wp-json\/wp\/v2\/comments?post=325"}],"version-history":[{"count":10,"href":"https:\/\/www.lesdavins.fr\/index.php\/wp-json\/wp\/v2\/pages\/325\/revisions"}],"predecessor-version":[{"id":1050,"href":"https:\/\/www.lesdavins.fr\/index.php\/wp-json\/wp\/v2\/pages\/325\/revisions\/1050"}],"up":[{"embeddable":true,"href":"https:\/\/www.lesdavins.fr\/index.php\/wp-json\/wp\/v2\/pages\/368"}],"wp:attachment":[{"href":"https:\/\/www.lesdavins.fr\/index.php\/wp-json\/wp\/v2\/media?parent=325"}],"curies":[{"name":"wp","href":"https:\/\/api.w.org\/{rel}","templated":true}]}}