{"id":239,"date":"2017-06-12T16:47:53","date_gmt":"2017-06-12T14:47:53","guid":{"rendered":"http:\/\/www.lesdavins.fr\/?page_id=239"},"modified":"2024-02-06T14:22:28","modified_gmt":"2024-02-06T13:22:28","slug":"tourisme","status":"publish","type":"page","link":"https:\/\/www.lesdavins.fr\/index.php\/la-region\/tourisme\/","title":{"rendered":"Tourisme"},"content":{"rendered":"<p>Voici quelques exemples de sorties facilement accesibles depuis les Davins tri\u00e9s en fonction du temps de trajet croissant !<\/p>\n<h3>La Tour m\u00e9di\u00e9vale de Crest (20 min) : <a href=\"https:\/\/www.viamichelin.fr\/web\/Itineraires?departure=26400%20Suze%2C%20France&amp;arrival=Tour%20De%20Crest%2C%20Rue%20de%20la%20Tour%2026400%20Crest&amp;arrivalTid=tomtom-12500062475910&amp;index=0&amp;vehicle=0&amp;type=0&amp;distance=km&amp;currency=EUR&amp;highway=false&amp;toll=false&amp;vignette=false&amp;orc=false&amp;crossing=true&amp;caravan=false&amp;shouldUseTraffic=false&amp;withBreaks=false&amp;break_frequency=7200&amp;coffee_duration=1200&amp;lunch_duration=3600&amp;diner_duration=3600&amp;night_duration=32400&amp;car=hatchback&amp;fuel=petrol&amp;fuelCost=1.477&amp;allowance=0&amp;corridor=&amp;departureDate=&amp;arrivalDate=&amp;fuelConsumption=\" target=\"_blank\" rel=\"noopener\">plan<\/a><\/h3>\n<p>C&rsquo;est le plus haut donjon de France, culminant \u00e0 52m au dessus de la ville. Il a \u00e9t\u00e9 construit entre le X\u00e8me si\u00e8cle et le XIV\u00e8me. Initialement tour d&rsquo;un ch\u00e2teau, il ne reste aujourd&rsquo;hui que ce majestueux donjon. Durant des ann\u00e9es, les galeries sup\u00e9rieures du donjon, d\u00e9fensives \u00e0 l&rsquo;origine, sont transform\u00e9es en prisons : s\u2019y succ\u00e8dent Protestants, libertins, r\u00e9publicains, prisonniers de droit commun, opposants au Second Empire, jusqu&rsquo;en 1873. Les murs sont couverts de centaines de graffiti de d\u00e9tenus. Elle sera, \u00e0 ce titre, appel\u00e9e la \u00ab Bastille du Sud \u00bb.<\/p>\n<p>ngg_shortcode_0_placeholder&nbsp;<br \/>\nPour les plus courageux, vous pourrez descendre les 42m de la fa\u00e7ade Est en rappel ! Une aventure unique en France : Cette animation est assur\u00e9e par des moniteurs d&rsquo;escalade dipl\u00f4m\u00e9s. Elle est accessible \u00e0 partir de 6-7 ans. Activit\u00e9 propos\u00e9e durant les mois de juillet et ao\u00fbt, le samedi apr\u00e8s-midi<\/p>\n<p><a href=\"https:\/\/www.tourdecrest.fr\" target=\"_blank\" rel=\"noopener\">En savoir plus<\/a><\/p>\n<hr>\n<p>A 30min de voiture des Davins, ne manquez pas d&rsquo;aller vous promener dans le charmant village de Mirmande. Il a particip\u00e9 \u00e0 l&rsquo;\u00e9mission du Village pr\u00e9f\u00e9r\u00e9 des fran\u00e7ais en juin 2018 pour repr\u00e9senter la r\u00e9gion Rh\u00f4ne-Alpes, et ce n&rsquo;est pas pour rien ! A deux pas de Mirmande, faite un tour \u00e0 Cliousclat, connu pour ses c\u00e9l\u00e8bres potiers.<\/p>\nngg_shortcode_1_placeholder\n<hr>\n<h3>Le mus\u00e9e de la chaussure (50 min) : <a href=\"https:\/\/www.viamichelin.fr\/web\/Itineraires?departure=26400%20Suze%2C%20Dr%C3%B4me%2C%20France&amp;departureTid=city-111197-fra&amp;arrival=Mus%C3%A9e%20international%20de%20la%20Chaussure%2C%20Romans-sur-Is%C3%A8re%2C%20France&amp;arrivalTid=michelin-gv-TOUFRA2600563&amp;index=0&amp;vehicle=0&amp;type=0&amp;distance=km&amp;currency=EUR&amp;highway=false&amp;toll=false&amp;vignette=false&amp;orc=false&amp;crossing=true&amp;caravan=false&amp;shouldUseTraffic=false&amp;withBreaks=false&amp;break_frequency=7200&amp;coffee_duration=1200&amp;lunch_duration=3600&amp;diner_duration=3600&amp;night_duration=32400&amp;car=hatchback&amp;fuel=petrol&amp;fuelCost=1.477&amp;allowance=0&amp;corridor=&amp;departureDate=&amp;arrivalDate=&amp;fuelConsumption=\" target=\"_blank\" rel=\"noopener\">plan<\/a><\/h3>\n<p>Situ\u00e9 \u00e0 Romans-sur-Is\u00e8re, ville qui doit sa renomm\u00e9e au travail du cuir et de la chaussure, le mus\u00e9e international expose au sein de l\u2019ancien couvent de la Visitation toutes les formes de chaussures, des plus anciennes aux plus contemporaines, des plus classiques aux plus extravagantes, en passant par les plus exotiques.<\/p>\n<p>Explorant toutes les formes, des plus classiques aux plus extravagantes, des plus anciennes aux plus contemporaines, la chaussure se d\u00e9couvre sous l&rsquo;angle des soci\u00e9t\u00e9s qui ont fa\u00e7onn\u00e9 cet objet d\u00e9terminant de protection, de repr\u00e9sentation, de pouvoir et de s\u00e9duction&#8230;<\/p>\n<p>ngg_shortcode_2_placeholder<a href=\"https:\/\/www.ville-romans.fr\/decouvrir\/le-musee-de-la-chaussure\" target=\"_blank\" rel=\"noopener\">En savoir plus<\/a><\/p>\n<hr>\n<h3>Le Ch\u00e2teau de Grignan (1h) : <a href=\"https:\/\/www.viamichelin.fr\/web\/Itineraires?departure=26400%20Suze%2C%20France&amp;departureId=31NDJkc3QxMGNORFF1TnpVNU9EST1jTlM0eE1USTBNdz09&amp;arrival=Ch%C3%A2teau%20de%20Grignan%2C%20Grignan%2C%20France&amp;arrivalTid=michelin-gv-TOUFRA2602BF2&amp;index=0&amp;vehicle=0&amp;type=0&amp;distance=km&amp;currency=EUR&amp;highway=false&amp;toll=false&amp;vignette=false&amp;orc=false&amp;crossing=true&amp;caravan=false&amp;shouldUseTraffic=false&amp;withBreaks=false&amp;break_frequency=7200&amp;coffee_duration=1200&amp;lunch_duration=3600&amp;diner_duration=3600&amp;night_duration=32400&amp;car=hatchback&amp;fuel=petrol&amp;fuelCost=1.477&amp;allowance=0&amp;corridor=&amp;departureDate=&amp;arrivalDate=&amp;fuelConsumption=\" target=\"_blank\" rel=\"noopener\">plan<\/a><\/h3>\n<p>Au c\u0153ur de la Dr\u00f4me proven\u00e7ale, dominant plaines et montagnes, le ch\u00e2teau de Grignan est b\u00e2ti sur un promontoire rocheux surplombant le village. T\u00e9moin de l\u2019architecture Renaissance et du classicisme fran\u00e7ais, l\u2019\u00e9difice a connu une histoire mouvement\u00e9e. Ch\u00e2teau fort mentionn\u00e9 d\u00e8s le 11e si\u00e8cle, il est transform\u00e9 \u00e0 la Renaissance en une prestigieuse demeure de plaisance par la famille des Adh\u00e9mar. Au 17e si\u00e8cle, la marquise de S\u00e9vign\u00e9 y s\u00e9journe aupr\u00e8s de sa fille Fran\u00e7oise-Marguerite. D\u00e9mantel\u00e9 \u00e0 la R\u00e9volution puis reconstruit au d\u00e9but du 20e si\u00e8cle, il appartient depuis 1979 au D\u00e9partement de la Dr\u00f4me qui poursuit un programme ambitieux de restaurations et d\u2019acquisitions. Class\u00e9 Monument historique en 1993 et labellis\u00e9 Mus\u00e9e de France, le ch\u00e2teau de Grignan offre aux visiteurs de pr\u00e9cieux t\u00e9moignages sur l\u2019art de vivre \u00e0 diff\u00e9rentes \u00e9poques. Ce lieu enchanteur sert \u00e9galement de cadre \u00e0 une programmation culturelle tout au long de l\u2019ann\u00e9e.<\/p>\n<p>ngg_shortcode_3_placeholder<a href=\"https:\/\/www.chateaux-ladrome.fr\/fr\/chateau-de-grignan\" target=\"_blank\" rel=\"noopener\">En savoir plus<\/a><\/p>\n<hr>\n<h3>La Ferme aux crocodiles (1h10) : <a href=\"https:\/\/www.viamichelin.fr\/web\/Itineraires?departure=26400%20Suze%2C%20France&amp;departureId=31NDJkc3QxMGNORFF1TnpVNU9EST1jTlM0eE1USTBNdz09&amp;arrival=Ferme%20aux%20crocodiles%2C%20Pierrelatte%2C%20France&amp;arrivalTid=michelin-gv-TOUAGV1151875&amp;index=0&amp;vehicle=0&amp;type=0&amp;distance=km&amp;currency=EUR&amp;highway=false&amp;toll=false&amp;vignette=false&amp;orc=false&amp;crossing=true&amp;caravan=false&amp;shouldUseTraffic=false&amp;withBreaks=false&amp;break_frequency=7200&amp;coffee_duration=1200&amp;lunch_duration=3600&amp;diner_duration=3600&amp;night_duration=32400&amp;car=hatchback&amp;fuel=petrol&amp;fuelCost=1.477&amp;allowance=0&amp;corridor=&amp;departureDate=&amp;arrivalDate=&amp;fuelConsumption=\" target=\"_blank\" rel=\"noopener\">plan<\/a><\/h3>\n<p>La Ferme aux crocodiles est un parc zoologique fran\u00e7ais situ\u00e9 dans la Dr\u00f4me, \u00e0 Pierrelatte. Elle est constitu\u00e9e d&rsquo;une serre de 8 000 m2 et d&rsquo;un parcours ext\u00e9rieur de 4 000 m2, o\u00f9 l&rsquo;on peut observer plus de 350 sp\u00e9cimens de Crocodiliens : crocodiles du Nil, alligators, ca\u00efmans, etc. ainsi que des tortues.<br \/>\nC&rsquo;est le site payant le plus visit\u00e9, devant le ch\u00e2teau de Grignan, le Palais id\u00e9al du facteur Cheval et le Mus\u00e9e du nougat et du bonbon de Mont\u00e9limar.<\/p>\n<p>&nbsp;<\/p>\n<p>ngg_shortcode_4_placeholder<a href=\"https:\/\/www.lafermeauxcrocodiles.com\/\" target=\"_blank\" rel=\"noopener\">En savoir plus<\/a><\/p>\n<hr>\n<p>&nbsp;<\/p>\n<h3>Le Palais id\u00e9al du facteur Cheval (1h20) : <a href=\"https:\/\/www.viamichelin.fr\/web\/Itineraires?departure=26400%20Suze%2C%20France&amp;departureId=31NDJkc3QxMGNORFF1TnpVNU9EST1jTlM0eE1USTBNdz09&amp;arrival=Palais%20id%C3%A9al%20du%20Facteur%20Cheval%2C%20Hauterives%2C%20France&amp;arrivalTid=michelin-gv-TOUAGV1151873&amp;index=0&amp;vehicle=0&amp;type=0&amp;distance=km&amp;currency=EUR&amp;highway=false&amp;toll=false&amp;vignette=false&amp;orc=false&amp;crossing=true&amp;caravan=false&amp;shouldUseTraffic=false&amp;withBreaks=false&amp;break_frequency=7200&amp;coffee_duration=1200&amp;lunch_duration=3600&amp;diner_duration=3600&amp;night_duration=32400&amp;car=hatchback&amp;fuel=petrol&amp;fuelCost=1.477&amp;allowance=0&amp;corridor=&amp;departureDate=&amp;arrivalDate=&amp;fuelConsumption=\" target=\"_blank\" rel=\"noopener\">plan<\/a><\/h3>\n<p>Unique au monde, le Palais Id\u00e9al a inspir\u00e9 les artistes durant plus d\u2019un si\u00e8cle. Ind\u00e9pendant de tout courant artistique, construit sans aucune r\u00e8gle d\u2019architecture, le Palais id\u00e9al a fait l\u2019admiration des surr\u00e9alistes, a \u00e9t\u00e9 reconnu comme une oeuvre d\u2019art brut. Il a \u00e9t\u00e9 class\u00e9 en 1969 Monument Historique par Andr\u00e9 Malraux, alors Ministre de la Culture, au titre de l\u2019art na\u00eff.<\/p>\n<p>ngg_shortcode_5_placeholder<a href=\"http:\/\/www.facteurcheval.com\/\" target=\"_blank\" rel=\"noopener\">En savoir plus<\/a><\/p>\n<hr>\n<h3>La cit\u00e9 du Chocolat (1h) : <a href=\"https:\/\/www.viamichelin.fr\/web\/Itineraires?departure=26400%20Suze%2C%20Dr%C3%B4me%2C%20France&amp;departureTid=city-111197-fra&amp;arrival=Cit%C3%A9%20Du%20Chocolat%2C%20Avenue%20du%20Pr%C3%A9sident%20Roosevelt%2026600%20Tain-l%27Hermitage&amp;arrivalTid=tomtom-12500063541037&amp;index=0&amp;vehicle=0&amp;type=0&amp;distance=km&amp;currency=EUR&amp;highway=false&amp;toll=false&amp;vignette=false&amp;orc=false&amp;crossing=true&amp;caravan=false&amp;shouldUseTraffic=false&amp;withBreaks=false&amp;break_frequency=7200&amp;coffee_duration=1200&amp;lunch_duration=3600&amp;diner_duration=3600&amp;night_duration=32400&amp;car=hatchback&amp;fuel=petrol&amp;fuelCost=1.477&amp;allowance=0&amp;corridor=&amp;departureDate=&amp;arrivalDate=&amp;fuelConsumption=\" target=\"_blank\" rel=\"noopener\">plan<\/a><\/h3>\n<p>Pour les gourmands, vous irez faire un tour \u00e0 la Cit\u00e9 du Chocolat de Tain l&rsquo;Hermitage. Install\u00e9e sur le site historique de la Chocolaterie Valrhona, la Cit\u00e9 d\u00e9voile au grand public et aux professionnels les coulisses du Grand Chocolat.<\/p>\n<p>Au cours d\u2019une d\u00e9ambulation gourmande et surprenante au c\u0153ur de la Cit\u00e9, vous d\u00e9couvrirez tous les secrets de fabrication du chocolat et la palette des savoir-faire de Valrhona et de ses clients.<\/p>\n<p>Gourmets et gourmands, amateurs ou professionnels, vous vivrez une exp\u00e9rience magique avec cet ingr\u00e9dient d\u2019exception qu\u2019est le chocolat !<\/p>\n<p>Des f\u00e8ves de cacao aux cr\u00e9ations des grands chefs, vous irez explorer, sentir et d\u00e9guster le chocolat sous toutes ses formes.<\/p>\n<p>ngg_shortcode_6_placeholder<a href=\"https:\/\/www.citeduchocolat.com\/fr\" target=\"_blank\" rel=\"noopener\">En savoir plus<\/a><\/p>\n<hr>\n","protected":false},"excerpt":{"rendered":"<p>Voici quelques exemples de sorties facilement accesibles depuis les Davins tri\u00e9s en fonction du temps de trajet croissant ! La Tour m\u00e9di\u00e9vale de Crest (20 min) : plan C&rsquo;est le plus haut donjon de France, culminant \u00e0 52m au dessus de la ville. Il a \u00e9t\u00e9 construit entre le X\u00e8me si\u00e8cle et le XIV\u00e8me. Initialement<span class=\"read-more-wrap\"><a class=\"moretag\" href=\"https:\/\/www.lesdavins.fr\/index.php\/la-region\/tourisme\/\">Lire la suite<span class=\"screen-reader-text\">Tourisme<\/span><\/a><\/span><\/p>\n","protected":false},"author":1,"featured_media":0,"parent":155,"menu_order":0,"comment_status":"closed","ping_status":"closed","template":"template-fullwidth.php","meta":{"ngg_post_thumbnail":0,"footnotes":""},"class_list":["post-239","page","type-page","status-publish","hentry"],"_links":{"self":[{"href":"https:\/\/www.lesdavins.fr\/index.php\/wp-json\/wp\/v2\/pages\/239","targetHints":{"allow":["GET"]}}],"collection":[{"href":"https:\/\/www.lesdavins.fr\/index.php\/wp-json\/wp\/v2\/pages"}],"about":[{"href":"https:\/\/www.lesdavins.fr\/index.php\/wp-json\/wp\/v2\/types\/page"}],"author":[{"embeddable":true,"href":"https:\/\/www.lesdavins.fr\/index.php\/wp-json\/wp\/v2\/users\/1"}],"replies":[{"embeddable":true,"href":"https:\/\/www.lesdavins.fr\/index.php\/wp-json\/wp\/v2\/comments?post=239"}],"version-history":[{"count":43,"href":"https:\/\/www.lesdavins.fr\/index.php\/wp-json\/wp\/v2\/pages\/239\/revisions"}],"predecessor-version":[{"id":973,"href":"https:\/\/www.lesdavins.fr\/index.php\/wp-json\/wp\/v2\/pages\/239\/revisions\/973"}],"up":[{"embeddable":true,"href":"https:\/\/www.lesdavins.fr\/index.php\/wp-json\/wp\/v2\/pages\/155"}],"wp:attachment":[{"href":"https:\/\/www.lesdavins.fr\/index.php\/wp-json\/wp\/v2\/media?parent=239"}],"curies":[{"name":"wp","href":"https:\/\/api.w.org\/{rel}","templated":true}]}}