{"id":155,"date":"2017-06-07T16:36:24","date_gmt":"2017-06-07T14:36:24","guid":{"rendered":"http:\/\/www.lesdavins.fr\/?page_id=155"},"modified":"2018-06-05T15:39:46","modified_gmt":"2018-06-05T13:39:46","slug":"la-region","status":"publish","type":"page","link":"https:\/\/www.lesdavins.fr\/index.php\/la-region\/","title":{"rendered":"La R\u00e9gion"},"content":{"rendered":"<p><img loading=\"lazy\" decoding=\"async\" class=\"size-medium wp-image-494 aligncenter\" src=\"https:\/\/www.lesdavins.fr\/wp-content\/uploads\/2018\/06\/Blason_d\u00e9partement_fr_Dr\u00f4me.svg_-273x300.png\" alt=\"\" width=\"273\" height=\"300\" srcset=\"https:\/\/www.lesdavins.fr\/wp-content\/uploads\/2018\/06\/Blason_d\u00e9partement_fr_Dr\u00f4me.svg_-273x300.png 273w, https:\/\/www.lesdavins.fr\/wp-content\/uploads\/2018\/06\/Blason_d\u00e9partement_fr_Dr\u00f4me.svg_.png 545w\" sizes=\"auto, (max-width: 273px) 100vw, 273px\" \/><\/p>\n<h1>Dr\u00f4me (d\u00e9partement)<\/h1>\n<p>Le <b>d\u00e9partement de la Dr\u00f4me<\/b> est un d\u00e9partement fran\u00e7ais situ\u00e9 dans le quart sud-est de la France, et dont le nom vient de la rivi\u00e8re \u00ab\u00a0Dr\u00f4me\u00a0\u00bb du m\u00eame nom.<br \/>\nLe d\u00e9partement de la Dr\u00f4me fait partie de la r\u00e9gion \u00ab\u00a0Auvergne-Rh\u00f4ne-Alpes\u00a0\u00bb. L&rsquo;Institut national de la statistique et des \u00e9tudes \u00e9conomiques\u00a0\u00bb et La Poste (France) lui attribuent le code 26;. Ses habitants sont les Dr\u00f4mois et Dr\u00f4moises. Sa pr\u00e9fecture est Valence.<\/p>\n<h2>Histoire<\/h2>\n<p>Le D\u00e9partement fran\u00e7ais a \u00e9t\u00e9 cr\u00e9\u00e9 \u00e0 la R\u00e9volution fran\u00e7aise, le 5 mars 1790 en application de la loi du 22 d\u00e9cembre 1789 \u00e0 partir d&rsquo;une partie de la Province du Dauphin\u00e9 \u00e0 laquelle il appartenait avec l&rsquo;Is\u00e8re et les Hautes-Alpes, et de Dr\u00f4me proven\u00e7ale parties issues de Provence et du Comtat venaissin.<\/p>\n<p>Les limites du d\u00e9partement furent plusieurs fois modifi\u00e9es \u00e0 la suite de l&rsquo;annexion du Comtat Venaissin en 1792 puis de la cr\u00e9ation du d\u00e9partement du Vaucluse en 1793 h. Les villes de Carpentras et Valr\u00e9as, notamment, firent partie de la Dr\u00f4me de fa\u00e7on \u00e9ph\u00e9m\u00e8re. Ces modifications cr\u00e9\u00e8rent une enclave de Vaucluse (Canton de Valr\u00e9as dans la Dr\u00f4me, une des deux seules enclaves de ce genre persistantes en France avec celles du d\u00e9partement des Hautes-Pyr\u00e8n\u00e9es dans le d\u00e9partement des Pyr\u00e8n\u00e9es-Atlantiques (mais il en existait beaucoup sous l&rsquo;Ancien r\u00e9gime)<\/p>\n<h2>D\u00e9mographie<\/h2>\n<p>Les habitants de la Dr\u00f4me sont les <i>Dr\u00f4mois<\/i>. En janvier 2007, le d\u00e9partement de la Dr\u00f4me comptait officiellement <span class=\"nowrap\">473\u00a0422 habitants<\/span>, se situant en <abbr class=\"abbr\" title=\"Cinquante-troisi\u00e8me\">53<sup>e<\/sup><\/abbr>\u00a0position sur le plan national.<\/p>\n<p>En huit ans, de 1999 \u00e0 2007, sa population s&rsquo;est accrue de pr\u00e8s de <span class=\"nowrap\">36\u00a0000 habitants<\/span>, soit environ <span class=\"nowrap\">4\u00a0500 personnes<\/span> et +1\u00a0% par an. Mais cette variation est diff\u00e9renci\u00e9e selon les <span class=\"nowrap\">369 communes<\/span> que comporte le d\u00e9partement.<\/p>\n<p>La densit\u00e9 de population du Dr\u00f4me, <span class=\"nowrap\">72,5 habitants<\/span> par kilom\u00e8tre carr\u00e9 en 2007, est inf\u00e9rieure du tiers \u00e0 celle de la France qui est de 100,5 pour la m\u00eame ann\u00e9e.<\/p>\n<p>La capitale de la\u00a0Dr\u00f4me est Valence.<\/p>\n<p>Valence, Mont\u00e9limar et Romans sont les trois communes les plus peupl\u00e9es du d\u00e9partement.<\/p>\n<p>Les 10 plus grandes villes du d\u00e9partement sont<\/p>\n<p>Valence : 66 568 hab. (aire urbaine : 176 295) ;<br \/>\nMont\u00e9limar : 35 704 hab. (aire urbaine : 71 764) ;<br \/>\nRomans-sur-Is\u00e8re : 33 664 hab. (aire urbaine : 51 000) ;<br \/>\nBourg-l\u00e8s-Valence : 19 305 hab. (aire urbaine de Valence) ;<br \/>\nPierrelatte : 12 952 hab. ;<br \/>\nBourg-de-P\u00e9age : 10 147 hab. (aire urbaine de Romans-sur-Is\u00e8re) ;<br \/>\nPortes-l\u00e8s-Valence : 9 629 hab. (aire urbaine de Valence) ;<br \/>\nLivron-sur-Dr\u00f4me : 8 986 hab. ;<br \/>\nSaint-Paul-Trois-Ch\u00e2teaux : 8 707 hab. ;<br \/>\nCrest : 8 317 hab.<\/p>\n<h2>G\u00e9ographie<\/h2>\n<p><img loading=\"lazy\" decoding=\"async\" class=\"size-medium wp-image-500 alignleft\" src=\"https:\/\/www.lesdavins.fr\/wp-content\/uploads\/2018\/06\/carte-drome-253x300.jpg\" alt=\"\" width=\"253\" height=\"300\" srcset=\"https:\/\/www.lesdavins.fr\/wp-content\/uploads\/2018\/06\/carte-drome-253x300.jpg 253w, https:\/\/www.lesdavins.fr\/wp-content\/uploads\/2018\/06\/carte-drome.jpg 416w\" sizes=\"auto, (max-width: 253px) 100vw, 253px\" \/>La Dr\u00f4me fait partie de la r\u00e9gion Auvergne-Rh\u00f4ne-Alpes. Elle est situ\u00e9e dans le Sud-Est de la France. Elle est limitrophe des d\u00e9partements de l&rsquo;Ard\u00e8che, de l&rsquo;Is\u00e8re, des Hautes-Alpes, des Alpes-de-Haute-Provence et de Vaucluse.<\/p>\n<p>Le d\u00e9partement tr\u00e8s \u00e9tendu et au relief tourment\u00e9 appartient au massif des Alpes occidentales int\u00e9grant les Pr\u00e9alpes du Vercors, Diois, D\u00e9voluy, Baronnies \u00e0 l&rsquo;est et la vall\u00e9e du Rh\u00f4ne \u00e0 l&rsquo;ouest. Le point culminant est situ\u00e9 dans le massif du D\u00e9voluy \u00e0 2\u00a0456 m, le Rocher Rond.<\/p>\n<p>On y distingue parfois\u00a0:<\/p>\n<p>la Dr\u00f4me des collines au nord, au caract\u00e8re verdoyant semblable aux monts du Lyonnais\u00a0;<br \/>\nla plaine de Valence \u00e0 l&rsquo;ouest\u00a0;<br \/>\nle Vercors \u00e0 l&rsquo;est (parc naturel r\u00e9gional)\u00a0;<br \/>\nla vall\u00e9e de la Dr\u00f4me et le Diois au pied du Vercors (o\u00f9 se situent les plus hauts sommets du d\u00e9partement), zone g\u00e9ographique interm\u00e9diaire\u00a0;<br \/>\nla Dr\u00f4me proven\u00e7ale au sud.<br \/>\nCes appellations r\u00e9centes ont des bases g\u00e9ologiques (Dr\u00f4me des Collines, Vercors), climatologiques (la Dr\u00f4me des Collines est marqu\u00e9e par un climat semi-continental, beaucoup plus pluvieux et moins ensoleill\u00e9 que le climat m\u00e9diterran\u00e9en de la Dr\u00f4me proven\u00e7ale), historiques (pour une partie des communes de la Dr\u00f4me proven\u00e7ale, tandis que les diff\u00e9rences linguistiques (qui marquent l&rsquo;actuelle Dr\u00f4me au niveau des aires de r\u00e9partition des langues anciennes) sont assez difficiles \u00e0 faire co\u00efncider avec cette d\u00e9limitation (dans la moiti\u00e9 sud de la Dr\u00f4me \u00e9tait parl\u00e9 le proven\u00e7al, avec une vari\u00e9t\u00e9 locale appel\u00e9e le vivaro-alpin (au nord de la ligne \u00ab\u00a0ch\u00a0\u00bb) et des variations locales\u00a0; dans la partie nord \u00e9tait parl\u00e9 le franco-proven\u00e7al ou \u00ab\u00a0arpitan\u00a0\u00bb).<\/p>\n<p>Plus globalement, le d\u00e9partement de la Dr\u00f4me est un territoire tr\u00e8s diversifi\u00e9 qu&rsquo;il est difficile de contenir dans une d\u00e9finition unique.<\/p>\n<p>Une particularit\u00e9 de la Dr\u00f4me est \u00e9galement d&rsquo;entourer compl\u00e8tement un territoire qui fait partie du d\u00e9partement voisin du Vaucluse, l&rsquo;Enclave des papes.<\/p>\n<p>Le d\u00e9partement tire son nom de la Dr\u00f4me, rivi\u00e8re pr\u00e9alpine et l&rsquo;un des affluents du Rh\u00f4ne, longue de 110 km. Cette rivi\u00e8re trouve sa source \u00e0 la limite des Hautes-Alpes et de la Dr\u00f4me, \u00e0 La B\u00e2tie-des-Fonds.<\/p>\n<h3>Climat<\/h3>\n<p>Le climat de la Dr\u00f4me est principalement de type m\u00e9diterran\u00e9en. Au nord de la plaine de Valence, qui marque la transition, il est de type m\u00e9diterran\u00e9en alt\u00e9r\u00e9 avec des influences oc\u00e9aniques tandis qu&rsquo;au sud de la plaine de Valence, il est de type m\u00e9diterran\u00e9en franc. Le climat est de type montagnard \u00e0 l&rsquo;est du d\u00e9partement.<\/p>\n<p>Certains locaux et naturalistes fixent le d\u00e9fil\u00e9 de Donz\u00e8re comme limite de la v\u00e9g\u00e9tation m\u00e9diterran\u00e9enne mais ce ph\u00e9nom\u00e8ne est en r\u00e9alit\u00e9 davantage li\u00e9 \u00e0 la nature du sol. En effet, \u00e0 cet endroit la quantit\u00e9 de ch\u00eanes verts, des cistes, des rolliers d&rsquo;Europe et autres esp\u00e8ces typiquement m\u00e9diterran\u00e9ennes devient moins importante.<\/p>\n<p>L&rsquo;ensoleillement est d&rsquo;environ 2\u00a0700 heures annuelles \u00e0 Nyons contre 2\u00a0000 \u00e0 Tain-l&rsquo;Hermitage. Malgr\u00e9 ces diff\u00e9rences, la Dr\u00f4me occupe la 12e\u00a0place des d\u00e9partements les plus ensoleill\u00e9s de France devant l&rsquo;Aude.<\/p>\n<p>Il existe deux types de vents principaux\u00a0: le mistral (vent du nord) et le marin (vent de sud). Le mistral ass\u00e8che l&rsquo;air tandis que le marin apporte de l&rsquo;air doux et humide de M\u00e9diterran\u00e9e. Ces vents peuvent \u00eatre violents, notamment en vall\u00e9e du Rh\u00f4ne.<\/p>\n<p>La pluviom\u00e9trie annuelle est assez importante\u00a0: environ 850 \u00e0 950\u00a0mm pour les stations de plaine. Les pluies sont assez bien r\u00e9parties sur les 12 mois de l&rsquo;ann\u00e9e au nord et prennent de plus en plus d&rsquo;importance en automne tout en devenant de plus en plus rares l&rsquo;\u00e9t\u00e9 et l&rsquo;hiver (les deux saisons s\u00e8ches) en allant vers le sud.<\/p>\n<p>On compte environ 20 jours avec chutes de neige en moyenne sur le nord de la Dr\u00f4me (bien plus en montagne) et de moins en moins en allant vers le sud (10 jours avec chutes de neige \u00e0 Mont\u00e9limar). Les \u00e9pisodes neigeux importants (&gt;10 cm au sol) ne sont pas rares en vall\u00e9e du Rh\u00f4ne et m\u00eame ces derni\u00e8res ann\u00e9es\u00a0: mars 2010, janvier 2010, janvier 2006 (par 2 fois), avril 2005, janvier 2003, f\u00e9vrier 2001, novembre 1999, janvier 1997, d\u00e9cembre 1996, etc.<\/p>\n<p>La Dr\u00f4me est un des d\u00e9partements les plus foudroy\u00e9s par les orages avec le Vaucluse et l&rsquo;Ard\u00e8che. Les orages sont intenses, surtout en automne, mais peuvent l&rsquo;\u00eatre \u00e9galement en \u00e9t\u00e9 en cas de flux d&rsquo;est avec un peu d&rsquo;air frais en altitude (205 mm tomb\u00e9s en 2 heures lors d&rsquo;un orage isol\u00e9 \u00e0 Mont\u00e9limar le 20 septembre 1982).<\/p>\n<p>L&rsquo;amplitude thermique est importante\u00a0: 4\u00a0\u00b0C environ de temp\u00e9rature moyenne sur la moiti\u00e9 nord du d\u00e9partement en janvier contre 22\u00a0\u00b0C environ pour juillet\u00a0; 5\u00a0\u00b0C environ de temp\u00e9rature moyenne sur la moiti\u00e9 sud du d\u00e9partement en janvier contre 23\u00a0\u00b0C environ en juillet.<\/p>\n<p>&nbsp;<\/p>\n<h2>\u00c9conomie<\/h2>\n<p>L&rsquo;essentiel de l&rsquo;\u00e9conomie dr\u00f4moise se situe \u00e0 l&rsquo;ouest du d\u00e9partement, le long du Rh\u00f4ne. Cette zone, qui concentre la majorit\u00e9 de la population du d\u00e9partement, est en outre desservie par des voies de communications majeures comme l&rsquo;autoroute A7 ainsi que par les lignes ferroviaires LGV Rh\u00f4ne-Alpes et LGV M\u00e9diterran\u00e9e. L&rsquo;activit\u00e9 \u00e9conomique de la r\u00e9gion valentinoise a \u00e9t\u00e9 dynamis\u00e9e par la mise en service de la gare de Valence TGV en 2001.<\/p>\n<h3>Agriculture<\/h3>\n<p>L&rsquo;agriculture du d\u00e9partement est caract\u00e9ris\u00e9e par ses nombreuses petites exploitations aux cultures tr\u00e8s diverses (fruits et l\u00e9gumes, vigne, plantes aromatiques et m\u00e9dicinales, fruits \u00e0 noyaux, \u00e9levage&#8230;) sauf dans la plaine de Valence et la Valdaine pr\u00e8s du Rh\u00f4ne, o\u00f9 s\u00e9vit une agriculture intensive sur de grosses parcelles, dans des territoires d\u00e9bois\u00e9s et d\u00e9nu\u00e9s de chemins de promenade \u00e0 la diff\u00e9rence de la frange est du d\u00e9partement et de la Dr\u00f4me proven\u00e7ale.<\/p>\n<p>L&rsquo;arboriculture fruiti\u00e8re a beaucoup souffert du virus de la sharka et, \u00e0 la suite de l&rsquo;extension de la maladie dans les exploitations environnantes de la station de l&rsquo;INRA au Domaine de Gotheron (Saint-Marcel-l\u00e8s-Valence) est n\u00e9e une pol\u00e9mique sur la pr\u00e9sence et l&rsquo;origine de ce virus sur le territoire fran\u00e7ais. Des producteurs priv\u00e9s ont engag\u00e9 des poursuites contre l&rsquo;INRA et l&rsquo;\u00c9tat.<\/p>\n<p>En mars 2012 le tribunal administratif de Marseille a relev\u00e9 dans son jugement que l&rsquo;INRA a import\u00e9 des milliers d&rsquo;arbres de plusieurs vari\u00e9t\u00e9s en provenance de pays d&rsquo;Europe de l&rsquo;Est fortement touch\u00e9s par le virus de la sharka.<\/p>\n<p>La Dr\u00f4me, c&rsquo;est aussi le deuxi\u00e8me d\u00e9partement biologique de France apr\u00e8s le Var (17,7%) avec 16,5\u00a0% de sa SAU certifi\u00e9e. Chaque ann\u00e9e, le d\u00e9partement participe au salon International de l&rsquo;Agriculture.<\/p>\n<p>Parmi les vins produits localement figurent les comt\u00e9s-rhodaniens.<\/p>\n<h3>Tourisme<\/h3>\n<div class=\"thumb tright\">\n<div class=\"thumbinner\" style=\"width: 212px;\">Sites touristiques<\/div>\n<\/div>\n<p>Sites touristiques les plus visit\u00e9s\u00a0:<\/p>\n<p>la Ferme aux crocodiles \u00e0 Pierrelatte (289\u00a0721 visiteurs)\u00a0;<br \/>\nle ch\u00e2teau de Grignan \u00e0 Grignan (149\u00a0723 visiteurs)\u00a0;<\/p>\n<p>Les stations de la Dr\u00f4me proposant des activit\u00e9s neige l&rsquo;hiver (ski alpin, ski nordique, chiens de tra\u00eeneaux, raquettes&#8230;) et des activit\u00e9s ludique et familiales l&rsquo;\u00e9t\u00e9 (D\u00e9valkart, trottinettes de descente, luge sur rail&#8230;): Col de Rousset, Font d&rsquo;Urle, Valdr\u00f4me, Herbouilly, Grand \u00c9chaillon et Lus la Jarjatte<\/p>\n<p>le Palais id\u00e9al du facteur Cheval \u00e0 Hauterives (129\u00a0736 visiteurs)<\/p>\n<p>le Palais des Bonbons et du Nougat \u00e0 Mont\u00e9limar (125\u00a0347 visiteurs)<\/p>\n<p>Les plus beaux villages dr\u00f4mois\u00a0:<\/p>\n<ul>\n<li>Mirmande\u00a0;<\/li>\n<li>Montbrun-les-Bains\u00a0;<\/li>\n<li>La Garde-Adh\u00e9mar\u00a0;<\/li>\n<li>Le Po\u00ebt-Laval.<\/li>\n<\/ul>\n<p>Attractions g\u00e9ologiques\u00a0:<\/p>\n<ul>\n<li>la for\u00eat de Sao\u00fb\u00a0;<\/li>\n<li>les Grands Goulets\u00a0;<\/li>\n<li>les Petits Goulets\u00a0;<\/li>\n<li>Combe Laval.<\/li>\n<\/ul>\n<div class=\"thumb tright\">\n<div class=\"thumbinner\" style=\"width: 212px;\">\n<div class=\"thumbcaption\">\n<h2>Gastronomie<\/h2>\n<\/div>\n<\/div>\n<\/div>\n<ul>\n<li>Voir l&rsquo;onglet \u00ab\u00a0Gastronomie\u00a0\u00bb<\/li>\n<\/ul>\n<h3>Langues<\/h3>\n<p>Le d\u00e9partement conna\u00eet deux langues minoritaires\u00a0: la majeure partie du d\u00e9partement se trouve en Occitanie, tandis que le pays albonais, c&rsquo;est-\u00e0-dire la pointe au nord du d\u00e9partement, ayant re\u00e7u l&rsquo;influence culturelle de Vienne, est dans la zone de locution du franco-proven\u00e7al.<\/p>\n<p>L&rsquo;ensemble des parlers historiques du d\u00e9partement se rattachent \u00e0 deux langues romanes\u00a0: l&rsquo;occitan et le franco-proven\u00e7al. Dr\u00f4me (prononc\u00e9 [d\u0281o\u02d0m] se dit Droma en occitan et en franco-proven\u00e7al, prononc\u00e9 respectivement [\u02c8dru.m\u0254] et [\u02c8d\u0281o\u02d0ma]), Droumo en proven\u00e7al.<\/p>\n<p>On utilise parfois l&rsquo;appellation impr\u00e9cise de \u00ab\u00a0dr\u00f4mois\u00a0\u00bb. Cependant, dans la classification linguistique (dialectologique), il n&rsquo;existe pas un idiome \u00ab\u00a0dr\u00f4mois\u00a0\u00bb qui co\u00efnciderait avec les limites du d\u00e9partement. Les parlers de la Dr\u00f4me sont class\u00e9s ainsi\u00a0:<\/p>\n<p>L&rsquo;occitan couvre presque toute la Dr\u00f4me.<br \/>\nL&rsquo;occitan de la Dr\u00f4me appartient au dialecte vivaro-alpin, qui s&rsquo;\u00e9tend du Vivarais, d&rsquo;Yssingeaux et de Saint-Bonnet-le-Ch\u00e2teau \u00e0 l&rsquo;ouest jusqu&rsquo;aux Alpes italiennes \u00e0 l&rsquo;est, en passant par la Dr\u00f4me. Le vivaro-alpin se divise lui-m\u00eame en deux sous-dialectes:<br \/>\nLe vivaro-dauphinois, qui couvre l&rsquo;ensemble de la Dr\u00f4me et le nord du Vivarais (ou nord de l&rsquo;Ard\u00e8che) ainsi que les r\u00e9gions d&rsquo;Yssingeaux (Haute-Loire) et de Saint-Bonnet-le-Ch\u00e2teau (Loire).<br \/>\nL&rsquo;alpin, qui couvre surtout les Alpes du Sud (en France et en Italie) et qui fr\u00f4le l&rsquo;est de la Dr\u00f4me.<br \/>\nL&rsquo;occitan du Sud de la Dr\u00f4me (ou Dr\u00f4me proven\u00e7ale) fait la transition entre le dialecte vivaro-alpin et le dialecte proven\u00e7al.<br \/>\nLe francoproven\u00e7al couvre environ la moiti\u00e9 nord de la Dr\u00f4me des Collines. Les parlers occitans (vivaro-alpins) de la r\u00e9gion de Romans-sur-Is\u00e8re (Tournon-sur-Rh\u00f4ne, Tain-l&rsquo;Hermitage et jusqu&rsquo;\u00e0 Saint-Donat-sur-l&rsquo;Herbasse) connaissent des traits de transition vers le francoproven\u00e7al, mais restent malgr\u00e9 tout occitans.<\/p>\n","protected":false},"excerpt":{"rendered":"<p>Dr\u00f4me (d\u00e9partement) Le d\u00e9partement de la Dr\u00f4me est un d\u00e9partement fran\u00e7ais situ\u00e9 dans le quart sud-est de la France, et dont le nom vient de la rivi\u00e8re \u00ab\u00a0Dr\u00f4me\u00a0\u00bb du m\u00eame nom. Le d\u00e9partement de la Dr\u00f4me fait partie de la r\u00e9gion \u00ab\u00a0Auvergne-Rh\u00f4ne-Alpes\u00a0\u00bb. L&rsquo;Institut national de la statistique et des \u00e9tudes \u00e9conomiques\u00a0\u00bb et La Poste (France)<span class=\"read-more-wrap\"><a class=\"moretag\" href=\"https:\/\/www.lesdavins.fr\/index.php\/la-region\/\">Lire la suite<span class=\"screen-reader-text\">La R\u00e9gion<\/span><\/a><\/span><\/p>\n","protected":false},"author":1,"featured_media":0,"parent":0,"menu_order":0,"comment_status":"closed","ping_status":"closed","template":"template-fullwidth.php","meta":{"ngg_post_thumbnail":0,"footnotes":""},"class_list":["post-155","page","type-page","status-publish","hentry"],"_links":{"self":[{"href":"https:\/\/www.lesdavins.fr\/index.php\/wp-json\/wp\/v2\/pages\/155","targetHints":{"allow":["GET"]}}],"collection":[{"href":"https:\/\/www.lesdavins.fr\/index.php\/wp-json\/wp\/v2\/pages"}],"about":[{"href":"https:\/\/www.lesdavins.fr\/index.php\/wp-json\/wp\/v2\/types\/page"}],"author":[{"embeddable":true,"href":"https:\/\/www.lesdavins.fr\/index.php\/wp-json\/wp\/v2\/users\/1"}],"replies":[{"embeddable":true,"href":"https:\/\/www.lesdavins.fr\/index.php\/wp-json\/wp\/v2\/comments?post=155"}],"version-history":[{"count":15,"href":"https:\/\/www.lesdavins.fr\/index.php\/wp-json\/wp\/v2\/pages\/155\/revisions"}],"predecessor-version":[{"id":504,"href":"https:\/\/www.lesdavins.fr\/index.php\/wp-json\/wp\/v2\/pages\/155\/revisions\/504"}],"wp:attachment":[{"href":"https:\/\/www.lesdavins.fr\/index.php\/wp-json\/wp\/v2\/media?parent=155"}],"curies":[{"name":"wp","href":"https:\/\/api.w.org\/{rel}","templated":true}]}}