{"id":139,"date":"2017-06-07T15:53:58","date_gmt":"2017-06-07T13:53:58","guid":{"rendered":"http:\/\/www.lesdavins.fr\/?page_id=139"},"modified":"2017-06-12T16:48:16","modified_gmt":"2017-06-12T14:48:16","slug":"vins","status":"publish","type":"page","link":"https:\/\/www.lesdavins.fr\/index.php\/la-region\/vins\/","title":{"rendered":"Vins"},"content":{"rendered":"<figure id=\"attachment_147\" aria-describedby=\"caption-attachment-147\" style=\"width: 452px\" class=\"wp-caption aligncenter\"><img loading=\"lazy\" decoding=\"async\" class=\" wp-image-147\" src=\"https:\/\/www.lesdavins.fr\/wp-content\/uploads\/2017\/06\/Cartes-des-Vins-232x300.jpg\" alt=\"\" width=\"452\" height=\"585\" srcset=\"https:\/\/www.lesdavins.fr\/wp-content\/uploads\/2017\/06\/Cartes-des-Vins-232x300.jpg 232w, https:\/\/www.lesdavins.fr\/wp-content\/uploads\/2017\/06\/Cartes-des-Vins.jpg 400w\" sizes=\"auto, (max-width: 452px) 100vw, 452px\" \/><figcaption id=\"caption-attachment-147\" class=\"wp-caption-text\">Carte des C\u00f4tes du Rh\u00f4nes<\/figcaption><\/figure>\n<p>Lien entre la viticulture fran\u00e7aise du nord et celle du sud, la Dr\u00f4me pr\u00e9sente une riche palette de vins : vins tranquilles, vins effervescents (Clairette de Die), Apellations d\u2019Origine Control\u00e9e (Hermitage, Crozes-Hermitage, Vinsobres) et vins de Pays se r\u00e9partissent le territoire dr\u00f4mois<\/p>\n<p>Nos adresses :<br \/>\n&#8211; Domaine Peylong <a href=\"http:\/\/www.peylong.com\" target=\"_blank\">infos <\/a><br \/>\nC&rsquo;est le Domaine du village ! situ\u00e9 \u00e0 l&rsquo;entr\u00e9e de Suze, le Domaine Peylong s&rsquo;\u00e9tend sur 3.2 ha cultiv\u00e9 en agriculture biologique.<br \/>\nN&rsquo;h\u00e9sitez pas \u00e0 passer voir Christelle entre 17h et 19h pour une d\u00e9gustation ! Elle vous parlera de ses vins avec passion <\/p>\n<p><img loading=\"lazy\" decoding=\"async\" src=\"https:\/\/www.lesdavins.fr\/wp-content\/uploads\/2017\/06\/Domaine-Peylong-300x187.jpg\" alt=\"\" width=\"300\" height=\"187\" class=\"alignnone size-medium wp-image-194\" srcset=\"https:\/\/www.lesdavins.fr\/wp-content\/uploads\/2017\/06\/Domaine-Peylong-300x187.jpg 300w, https:\/\/www.lesdavins.fr\/wp-content\/uploads\/2017\/06\/Domaine-Peylong.jpg 610w\" sizes=\"auto, (max-width: 300px) 100vw, 300px\" \/><\/p>\n<p>&#8211; Domaine Raspail <a href=\"http:\/\/www.raspail.com\/\" target=\"_blank\">infos <\/a><br \/>\nLe Domaine Raspail produit d&rsquo;excellentes Clairettes de Die depuis 4 g\u00e9n\u00e9r\u00e9ations<\/p>\n<p>&#8211; Domaine des Gravennes <a href=\"https:\/\/www.domainedesgravennes.com\/\" target=\"_blank\">infos <\/a><\/p>\n<p>Sur les c\u00f4tes du Rh\u00f4ne, dans notre belle Provence, entour\u00e9 de lavandes et de ch\u00eanes truffiers, le domaine des Gravennes se situe au c\u0153ur de la Dr\u00f4me proven\u00e7ale sous le regard protecteur du ch\u00e2teau de Suze la Rousse. Un terroir exceptionnellement g\u00e9n\u00e9reux et 100% bio !<\/p>\n","protected":false},"excerpt":{"rendered":"<p>Lien entre la viticulture fran\u00e7aise du nord et celle du sud, la Dr\u00f4me pr\u00e9sente une riche palette de vins : vins tranquilles, vins effervescents (Clairette de Die), Apellations d\u2019Origine Control\u00e9e (Hermitage, Crozes-Hermitage, Vinsobres) et vins de Pays se r\u00e9partissent le territoire dr\u00f4mois Nos adresses : &#8211; Domaine Peylong infos C&rsquo;est le Domaine du village !<span class=\"read-more-wrap\"><a class=\"moretag\" href=\"https:\/\/www.lesdavins.fr\/index.php\/la-region\/vins\/\">Lire la suite<span class=\"screen-reader-text\">Vins<\/span><\/a><\/span><\/p>\n","protected":false},"author":1,"featured_media":0,"parent":155,"menu_order":0,"comment_status":"closed","ping_status":"closed","template":"template-fullwidth.php","meta":{"ngg_post_thumbnail":0,"footnotes":""},"class_list":["post-139","page","type-page","status-publish","hentry"],"_links":{"self":[{"href":"https:\/\/www.lesdavins.fr\/index.php\/wp-json\/wp\/v2\/pages\/139","targetHints":{"allow":["GET"]}}],"collection":[{"href":"https:\/\/www.lesdavins.fr\/index.php\/wp-json\/wp\/v2\/pages"}],"about":[{"href":"https:\/\/www.lesdavins.fr\/index.php\/wp-json\/wp\/v2\/types\/page"}],"author":[{"embeddable":true,"href":"https:\/\/www.lesdavins.fr\/index.php\/wp-json\/wp\/v2\/users\/1"}],"replies":[{"embeddable":true,"href":"https:\/\/www.lesdavins.fr\/index.php\/wp-json\/wp\/v2\/comments?post=139"}],"version-history":[{"count":19,"href":"https:\/\/www.lesdavins.fr\/index.php\/wp-json\/wp\/v2\/pages\/139\/revisions"}],"predecessor-version":[{"id":195,"href":"https:\/\/www.lesdavins.fr\/index.php\/wp-json\/wp\/v2\/pages\/139\/revisions\/195"}],"up":[{"embeddable":true,"href":"https:\/\/www.lesdavins.fr\/index.php\/wp-json\/wp\/v2\/pages\/155"}],"wp:attachment":[{"href":"https:\/\/www.lesdavins.fr\/index.php\/wp-json\/wp\/v2\/media?parent=139"}],"curies":[{"name":"wp","href":"https:\/\/api.w.org\/{rel}","templated":true}]}}